{"id":10,"date":"2025-12-14T05:40:46","date_gmt":"2025-12-14T05:40:46","guid":{"rendered":"https:\/\/jomasoluciones20.com\/?page_id=10"},"modified":"2025-12-15T05:28:39","modified_gmt":"2025-12-15T05:28:39","slug":"inicio","status":"publish","type":"page","link":"https:\/\/jomasoluciones20.com\/","title":{"rendered":"Inicio"},"content":{"rendered":"\n<div class=\"wp-block-cover alignfull has-parallax wp-duotone-unset-1\" style=\"min-height:720px;aspect-ratio:unset;\"><div class=\"wp-block-cover__image-background wp-image-84 size-large has-parallax\" style=\"background-position:50% 50%;background-image:url(https:\/\/jomasoluciones20.com\/wp-content\/uploads\/2025\/12\/FONDO1-1-1024x575.jpg)\"><\/div><span aria-hidden=\"true\" class=\"wp-block-cover__background has-background-dim wp-block-cover__gradient-background has-background-gradient\" style=\"background-color:#6c7e99;background:linear-gradient(35deg,rgb(6,0,151) 0%,rgb(130,4,255) 73%,rgb(193,15,255) 100%)\"><\/span><div class=\"wp-block-cover__inner-container is-layout-constrained wp-block-cover-is-layout-constrained\">\n<div class=\"wp-block-media-text alignfull is-stacked-on-mobile is-vertically-aligned-center\" style=\"grid-template-columns:15% auto\"><figure class=\"wp-block-media-text__media\"><a href=\"http:\/\/<video    autoplay    muted    loop    playsinline   width=&quot;100%&quot;   style=&quot;max-width:100%; height:auto; object-fit:cover;&quot; &gt;   <source src=&quot;https:\/\/tudominio.com\/videos\/JOMA-2026-VID-PESENTACION-ESP.mp4&quot; type=&quot;video\/mp4&quot;&gt; <\/video&gt;\"><\/a><\/figure><div class=\"wp-block-media-text__content\">\n<p><\/p>\n\n\n\n<h1 class=\"wp-block-heading alignwide has-text-align-left has-white-color has-text-color\">Mantenimiento y Servicios Industriales<\/h1>\n\n\n\n<p class=\"has-luminous-vivid-amber-color has-text-color has-link-color has-medium-font-size wp-elements-8d19f43b17a88e9b2745bbc1c1c86aab\">Servicio de Mantenimiento y Limpieza Industrial . Trabajos en alturas, mec\u00e1nicos y soldadura<\/p>\n\n\n\n<figure class=\"wp-block-video\"><video controls src=\"https:\/\/jomasoluciones20.com\/videos\/JOMA-2026-VID-PESENTACION-ESP.mp4\"><\/video><\/figure>\n\n\n\n<p><\/p>\n\n\n\n<div class=\"wp-block-buttons is-layout-flex wp-block-buttons-is-layout-flex\">\n<div class=\"wp-block-button\"><a class=\"wp-block-button__link wp-element-button\" href=\"#\">INICIO<\/a><\/div>\n<\/div>\n\n\n\n<div class=\"wp-block-columns is-layout-flex wp-container-core-columns-is-layout-28f84493 wp-block-columns-is-layout-flex\">\n<div class=\"wp-block-column is-layout-flow wp-block-column-is-layout-flow\"><\/div>\n\n\n\n<div class=\"wp-block-column is-layout-flow wp-block-column-is-layout-flow\"><\/div>\n\n\n\n<div class=\"wp-block-column is-layout-flow wp-block-column-is-layout-flow\"><\/div>\n<\/div>\n<\/div><\/div>\n<\/div><\/div>\n\n\n\n<div class=\"wp-block-group alignfull has-ast-global-color-5-background-color has-background is-layout-constrained wp-container-core-group-is-layout-9cedb757 wp-block-group-is-layout-constrained\" style=\"padding-bottom:0px\">\n<div class=\"wp-block-columns are-vertically-aligned-top is-layout-flex wp-container-core-columns-is-layout-00723822 wp-block-columns-is-layout-flex\">\n<div class=\"wp-block-column is-vertically-aligned-top is-layout-flow wp-container-core-column-is-layout-6b73ce23 wp-block-column-is-layout-flow\">\n<p><strong>NOSOTROS<\/strong><\/p>\n\n\n\n<figure class=\"wp-block-gallery has-nested-images columns-default is-cropped wp-block-gallery-2 is-layout-flex wp-block-gallery-is-layout-flex\">\n<figure class=\"wp-block-image size-large\"><img decoding=\"async\" width=\"835\" height=\"22\" data-id=\"91\" src=\"https:\/\/jomasoluciones20.com\/wp-content\/uploads\/2025\/12\/LINEAAMRILLA.png\" alt=\"\" class=\"wp-image-91\" srcset=\"https:\/\/jomasoluciones20.com\/wp-content\/uploads\/2025\/12\/LINEAAMRILLA.png 835w, https:\/\/jomasoluciones20.com\/wp-content\/uploads\/2025\/12\/LINEAAMRILLA-300x8.png 300w, https:\/\/jomasoluciones20.com\/wp-content\/uploads\/2025\/12\/LINEAAMRILLA-768x20.png 768w\" sizes=\"(max-width: 835px) 100vw, 835px\" \/><\/figure>\n<\/figure>\n\n\n\n<h3 class=\"wp-block-heading\" style=\"margin-top:16px\">MISION<\/h3>\n\n\n\n<p class=\"has-text-align-left has-luminous-vivid-amber-background-color has-background\"><p>En JOMA Soluciones Industriales brindamos servicios integrales de mantenimiento y construcci\u00f3n industrial con altos est\u00e1ndares de calidad, seguridad y eficiencia. Nuestro prop\u00f3sito es garantizar la continuidad operativa de nuestros clientes mediante soluciones confiables, innovadoras y adaptadas a cada proyecto, contribuyendo a su crecimiento y competitividad.<\/p><\/p>\n<\/div>\n\n\n\n<div class=\"wp-block-column is-vertically-aligned-top is-layout-flow wp-container-core-column-is-layout-6b73ce23 wp-block-column-is-layout-flow\">\n<figure class=\"wp-block-image size-full is-resized\"><img decoding=\"async\" width=\"835\" height=\"22\" src=\"https:\/\/jomasoluciones20.com\/wp-content\/uploads\/2025\/12\/LINEAAMRILLA.png\" alt=\"\" class=\"wp-image-91\" style=\"aspect-ratio:37.98569157392687;width:760px;height:auto\" srcset=\"https:\/\/jomasoluciones20.com\/wp-content\/uploads\/2025\/12\/LINEAAMRILLA.png 835w, https:\/\/jomasoluciones20.com\/wp-content\/uploads\/2025\/12\/LINEAAMRILLA-300x8.png 300w, https:\/\/jomasoluciones20.com\/wp-content\/uploads\/2025\/12\/LINEAAMRILLA-768x20.png 768w\" sizes=\"(max-width: 835px) 100vw, 835px\" \/><\/figure>\n\n\n\n<h3 class=\"wp-block-heading alignfull has-text-align-left\" style=\"margin-top:16px\">VISION<\/h3>\n\n\n\n<p class=\"has-text-align-left has-luminous-vivid-amber-background-color has-background\"><p>Ser la empresa l\u00edder en mantenimiento y construcci\u00f3n industrial a nivel regional y nacional, reconocida por nuestra excelencia t\u00e9cnica, compromiso con la seguridad, innovaci\u00f3n constante y el impacto positivo en la productividad de nuestros clientes, posicion\u00e1ndonos como su socio estrat\u00e9gico de confianza.<\/p><\/p>\n<\/div>\n\n\n\n<div class=\"wp-block-column is-vertically-aligned-top is-layout-flow wp-container-core-column-is-layout-6b73ce23 wp-block-column-is-layout-flow\">\n<figure class=\"wp-block-image size-full is-resized\"><img decoding=\"async\" width=\"835\" height=\"22\" src=\"https:\/\/jomasoluciones20.com\/wp-content\/uploads\/2025\/12\/LINEAAMRILLA.png\" alt=\"\" class=\"wp-image-91\" style=\"aspect-ratio:37.98569157392687;width:760px;height:auto\" srcset=\"https:\/\/jomasoluciones20.com\/wp-content\/uploads\/2025\/12\/LINEAAMRILLA.png 835w, https:\/\/jomasoluciones20.com\/wp-content\/uploads\/2025\/12\/LINEAAMRILLA-300x8.png 300w, https:\/\/jomasoluciones20.com\/wp-content\/uploads\/2025\/12\/LINEAAMRILLA-768x20.png 768w\" sizes=\"(max-width: 835px) 100vw, 835px\" \/><\/figure>\n\n\n\n<h3 class=\"wp-block-heading\" style=\"margin-top:16px\">VALORES<\/h3>\n\n\n\n<p class=\"has-text-align-left has-ast-global-color-2-color has-luminous-vivid-amber-background-color has-text-color has-background has-link-color wp-elements-d7eb986ba41c0566450542b1969927e4\"><p>\u2022Calidad \u2022Seguridad, \u2022Responsabilidad \u2022Innovaci\u00f3n, \u2022Trabajo en equipo \u2022Sostenibilidad \u2022Compromiso con el Cliente.<\/p><\/p>\n<\/div>\n<\/div>\n<\/div>\n\n\n\n<div class=\"wp-block-group alignfull is-layout-constrained wp-container-core-group-is-layout-45b0ac4f wp-block-group-is-layout-constrained\" style=\"padding-top:144px;padding-bottom:0px\">\n<h2 class=\"wp-block-heading\">Proyectos<\/h2>\n\n\n\n<div class=\"wp-block-columns is-layout-flex wp-container-core-columns-is-layout-60cbf9bb wp-block-columns-is-layout-flex\" style=\"margin-top:50px\">\n<div class=\"wp-block-column is-layout-flow wp-container-core-column-is-layout-6b73ce23 wp-block-column-is-layout-flow\">\n<figure class=\"wp-block-image size-full\"><img fetchpriority=\"high\" decoding=\"async\" width=\"720\" height=\"1280\" src=\"https:\/\/jomasoluciones20.com\/wp-content\/uploads\/2025\/12\/1-25.jpeg\" alt=\"\" class=\"wp-image-53\" srcset=\"https:\/\/jomasoluciones20.com\/wp-content\/uploads\/2025\/12\/1-25.jpeg 720w, https:\/\/jomasoluciones20.com\/wp-content\/uploads\/2025\/12\/1-25-169x300.jpeg 169w, https:\/\/jomasoluciones20.com\/wp-content\/uploads\/2025\/12\/1-25-576x1024.jpeg 576w\" sizes=\"(max-width: 720px) 100vw, 720px\" \/><\/figure>\n\n\n\n<h3 class=\"wp-block-heading\" style=\"margin-top:16px\">titulo<\/h3>\n\n\n\n<p>Descripcion<\/p>\n<\/div>\n\n\n\n<div class=\"wp-block-column is-layout-flow wp-container-core-column-is-layout-6b73ce23 wp-block-column-is-layout-flow\">\n<figure class=\"wp-block-image size-full\"><img loading=\"lazy\" decoding=\"async\" width=\"1280\" height=\"720\" src=\"https:\/\/jomasoluciones20.com\/wp-content\/uploads\/2025\/12\/1-3.jpeg\" alt=\"\" class=\"wp-image-31\" srcset=\"https:\/\/jomasoluciones20.com\/wp-content\/uploads\/2025\/12\/1-3.jpeg 1280w, https:\/\/jomasoluciones20.com\/wp-content\/uploads\/2025\/12\/1-3-300x169.jpeg 300w, https:\/\/jomasoluciones20.com\/wp-content\/uploads\/2025\/12\/1-3-1024x576.jpeg 1024w, https:\/\/jomasoluciones20.com\/wp-content\/uploads\/2025\/12\/1-3-768x432.jpeg 768w\" sizes=\"(max-width: 1280px) 100vw, 1280px\" \/><\/figure>\n\n\n\n<h3 class=\"wp-block-heading\" style=\"margin-top:16px\">titulo<\/h3>\n\n\n\n<p>Descripcion<\/p>\n<\/div>\n\n\n\n<div class=\"wp-block-column is-layout-flow wp-container-core-column-is-layout-6b73ce23 wp-block-column-is-layout-flow\">\n<figure class=\"wp-block-image size-full\"><img loading=\"lazy\" decoding=\"async\" width=\"1280\" height=\"960\" src=\"https:\/\/jomasoluciones20.com\/wp-content\/uploads\/2025\/12\/1-20.jpeg\" alt=\"\" class=\"wp-image-48\" srcset=\"https:\/\/jomasoluciones20.com\/wp-content\/uploads\/2025\/12\/1-20.jpeg 1280w, https:\/\/jomasoluciones20.com\/wp-content\/uploads\/2025\/12\/1-20-300x225.jpeg 300w, https:\/\/jomasoluciones20.com\/wp-content\/uploads\/2025\/12\/1-20-1024x768.jpeg 1024w, https:\/\/jomasoluciones20.com\/wp-content\/uploads\/2025\/12\/1-20-768x576.jpeg 768w\" sizes=\"(max-width: 1280px) 100vw, 1280px\" \/><\/figure>\n\n\n\n<h3 class=\"wp-block-heading\" style=\"margin-top:16px\">titulo<\/h3>\n\n\n\n<p>Descripcion<\/p>\n<\/div>\n<\/div>\n<\/div>\n\n\n\n<div class=\"wp-block-group alignfull has-ast-global-color-5-background-color has-background is-layout-constrained wp-container-core-group-is-layout-94d206d0 wp-block-group-is-layout-constrained\" style=\"padding-top:143px;padding-bottom:144px\">\n<div class=\"wp-block-media-text has-media-on-the-right is-stacked-on-mobile is-vertically-aligned-center\" style=\"grid-template-columns:auto 46%\"><div class=\"wp-block-media-text__content\">\n<div class=\"inherit-container-width wp-block-group is-layout-constrained wp-container-core-group-is-layout-47ce07ec wp-block-group-is-layout-constrained\" style=\"padding-right:80px\">\n<h2 class=\"wp-block-heading\" style=\"padding-right:40px\">Descripcion de nosotros<\/h2>\n\n\n\n<p>texto<\/p>\n\n\n\n<p>text<\/p>\n<\/div>\n\n\n\n<div class=\"wp-block-columns is-layout-flex wp-container-core-columns-is-layout-28f84493 wp-block-columns-is-layout-flex\">\n<div class=\"wp-block-column is-layout-flow wp-block-column-is-layout-flow\"><\/div>\n\n\n\n<div class=\"wp-block-column is-layout-flow wp-block-column-is-layout-flow\"><\/div>\n\n\n\n<div class=\"wp-block-column is-layout-flow wp-block-column-is-layout-flow\"><\/div>\n<\/div>\n<\/div><figure class=\"wp-block-media-text__media\"><\/figure><\/div>\n<\/div>\n\n\n\n<div class=\"wp-block-group alignfull has-ast-global-color-4-background-color has-background is-layout-constrained wp-container-core-group-is-layout-6a2cfb7b wp-block-group-is-layout-constrained\">\n<figure class=\"wp-block-image aligncenter size-full is-resized\"><img loading=\"lazy\" decoding=\"async\" width=\"512\" height=\"512\" src=\"https:\/\/jomasoluciones20.com\/wp-content\/uploads\/2025\/12\/cropped-logo-1.png\" alt=\"\" class=\"wp-image-13\" style=\"width:90px;height:auto\" srcset=\"https:\/\/jomasoluciones20.com\/wp-content\/uploads\/2025\/12\/cropped-logo-1.png 512w, https:\/\/jomasoluciones20.com\/wp-content\/uploads\/2025\/12\/cropped-logo-1-300x300.png 300w, https:\/\/jomasoluciones20.com\/wp-content\/uploads\/2025\/12\/cropped-logo-1-150x150.png 150w, https:\/\/jomasoluciones20.com\/wp-content\/uploads\/2025\/12\/cropped-logo-1-270x270.png 270w, https:\/\/jomasoluciones20.com\/wp-content\/uploads\/2025\/12\/cropped-logo-1-192x192.png 192w, https:\/\/jomasoluciones20.com\/wp-content\/uploads\/2025\/12\/cropped-logo-1-180x180.png 180w, https:\/\/jomasoluciones20.com\/wp-content\/uploads\/2025\/12\/cropped-logo-1-32x32.png 32w\" sizes=\"(max-width: 512px) 100vw, 512px\" \/><\/figure>\n\n\n\n<p class=\"has-text-align-center\" style=\"font-size:22px;line-height:1.6\"><\/p>\n\n\n\n<p class=\"has-text-align-center\"><\/p>\n<\/div>\n\n\n\n<div class=\"wp-block-group alignfull is-layout-constrained wp-container-core-group-is-layout-3fee123f wp-block-group-is-layout-constrained\" style=\"padding-top:144px;padding-bottom:144px\">\n<h2 class=\"wp-block-heading\">Datos<\/h2>\n\n\n\n<div class=\"wp-block-columns is-layout-flex wp-container-core-columns-is-layout-29aadeec wp-block-columns-is-layout-flex\" style=\"margin-top:60px\">\n<div class=\"wp-block-column is-layout-flow wp-container-core-column-is-layout-6b73ce23 wp-block-column-is-layout-flow\">\n<figure class=\"wp-block-image size-large\"><img decoding=\"async\" src=\"https:\/\/jomasoluciones20.com\/wp-content\/themes\/astra\/inc\/assets\/images\/starter-content\/passionate.svg\" alt=\"\" class=\"wp-image-162\"\/><\/figure>\n\n\n\n<h3 class=\"wp-block-heading\" style=\"margin-top:16px\">Passionate<\/h3>\n\n\n\n<p>text<\/p>\n<\/div>\n\n\n\n<div class=\"wp-block-column is-layout-flow wp-container-core-column-is-layout-6b73ce23 wp-block-column-is-layout-flow\">\n<figure class=\"wp-block-image size-large\"><img decoding=\"async\" src=\"https:\/\/jomasoluciones20.com\/wp-content\/themes\/astra\/inc\/assets\/images\/starter-content\/professional.svg\" alt=\"\" class=\"wp-image-163\"\/><\/figure>\n\n\n\n<h3 class=\"wp-block-heading\" style=\"margin-top:16px\">Professional<\/h3>\n\n\n\n<p>text<\/p>\n<\/div>\n\n\n\n<div class=\"wp-block-column is-layout-flow wp-container-core-column-is-layout-6b73ce23 wp-block-column-is-layout-flow\">\n<figure class=\"wp-block-image size-large\"><img decoding=\"async\" src=\"https:\/\/jomasoluciones20.com\/wp-content\/themes\/astra\/inc\/assets\/images\/starter-content\/support.svg\" alt=\"\" class=\"wp-image-164\"\/><\/figure>\n\n\n\n<h3 class=\"wp-block-heading\" style=\"margin-top:16px\">Support<\/h3>\n\n\n\n<p>tex.<\/p>\n<\/div>\n<\/div>\n<\/div>\n\n\n\n<div class=\"wp-block-group alignfull has-background is-layout-constrained wp-container-core-group-is-layout-cfcca693 wp-block-group-is-layout-constrained\" style=\"background:linear-gradient(35deg,rgb(6,0,151) 0%,rgb(130,4,255) 64%,rgb(193,15,255) 98%);padding-top:104px;padding-bottom:104px\"><\/div>\n\n\n\n<p><\/p>\n","protected":false},"excerpt":{"rendered":"<p>NOSOTROS MISION En JOMA Soluciones Industriales brindamos servicios integrales de mantenimiento y construcci\u00f3n industrial con altos est\u00e1ndares de calidad, seguridad [&hellip;]<\/p>\n","protected":false},"author":1,"featured_media":0,"parent":0,"menu_order":0,"comment_status":"closed","ping_status":"closed","template":"","meta":{"site-sidebar-layout":"no-sidebar","site-content-layout":"plain-container","ast-site-content-layout":"default","site-content-style":"default","site-sidebar-style":"default","ast-global-header-display":"","ast-banner-title-visibility":"","ast-main-header-display":"","ast-hfb-above-header-display":"","ast-hfb-below-header-display":"","ast-hfb-mobile-header-display":"","site-post-title":"disabled","ast-breadcrumbs-content":"","ast-featured-img":"","footer-sml-layout":"","ast-disable-related-posts":"","theme-transparent-header-meta":"enabled","adv-header-id-meta":"","stick-header-meta":"","header-above-stick-meta":"","header-main-stick-meta":"","header-below-stick-meta":"","astra-migrate-meta-layouts":"default","ast-page-background-enabled":"default","ast-page-background-meta":{"desktop":{"background-color":"var(--ast-global-color-5)","background-image":"","background-repeat":"repeat","background-position":"center center","background-size":"auto","background-attachment":"scroll","background-type":"","background-media":"","overlay-type":"","overlay-color":"","overlay-opacity":"","overlay-gradient":""},"tablet":{"background-color":"","background-image":"","background-repeat":"repeat","background-position":"center center","background-size":"auto","background-attachment":"scroll","background-type":"","background-media":"","overlay-type":"","overlay-color":"","overlay-opacity":"","overlay-gradient":""},"mobile":{"background-color":"","background-image":"","background-repeat":"repeat","background-position":"center center","background-size":"auto","background-attachment":"scroll","background-type":"","background-media":"","overlay-type":"","overlay-color":"","overlay-opacity":"","overlay-gradient":""}},"ast-content-background-meta":{"desktop":{"background-color":"var(--ast-global-color-4)","background-image":"","background-repeat":"repeat","background-position":"center center","background-size":"auto","background-attachment":"scroll","background-type":"","background-media":"","overlay-type":"","overlay-color":"","overlay-opacity":"","overlay-gradient":""},"tablet":{"background-color":"var(--ast-global-color-4)","background-image":"","background-repeat":"repeat","background-position":"center center","background-size":"auto","background-attachment":"scroll","background-type":"","background-media":"","overlay-type":"","overlay-color":"","overlay-opacity":"","overlay-gradient":""},"mobile":{"background-color":"var(--ast-global-color-4)","background-image":"","background-repeat":"repeat","background-position":"center center","background-size":"auto","background-attachment":"scroll","background-type":"","background-media":"","overlay-type":"","overlay-color":"","overlay-opacity":"","overlay-gradient":""}},"footnotes":""},"class_list":["post-10","page","type-page","status-publish","hentry"],"yoast_head":"<!-- This site is optimized with the Yoast SEO plugin v26.5 - https:\/\/yoast.com\/wordpress\/plugins\/seo\/ -->\n<title>Inicio - jomasoluciones20.com<\/title>\n<meta name=\"robots\" content=\"index, follow, max-snippet:-1, max-image-preview:large, max-video-preview:-1\" \/>\n<link rel=\"canonical\" href=\"https:\/\/jomasoluciones20.com\/\" \/>\n<meta property=\"og:locale\" content=\"es_ES\" \/>\n<meta property=\"og:type\" content=\"article\" \/>\n<meta property=\"og:title\" content=\"Inicio - jomasoluciones20.com\" \/>\n<meta property=\"og:description\" content=\"NOSOTROS MISION En JOMA Soluciones Industriales brindamos servicios integrales de mantenimiento y construcci\u00f3n industrial con altos est\u00e1ndares de calidad, seguridad [&hellip;]\" \/>\n<meta property=\"og:url\" content=\"https:\/\/jomasoluciones20.com\/\" \/>\n<meta property=\"og:site_name\" content=\"jomasoluciones20.com\" \/>\n<meta property=\"article:modified_time\" content=\"2025-12-15T05:28:39+00:00\" \/>\n<meta property=\"og:image\" content=\"https:\/\/jomasoluciones20.com\/wp-content\/uploads\/2025\/12\/LINEAAMRILLA.png\" \/>\n\t<meta property=\"og:image:width\" content=\"835\" \/>\n\t<meta property=\"og:image:height\" content=\"22\" \/>\n\t<meta property=\"og:image:type\" content=\"image\/png\" \/>\n<meta name=\"twitter:card\" content=\"summary_large_image\" \/>\n<meta name=\"twitter:label1\" content=\"Tiempo de lectura\" \/>\n\t<meta name=\"twitter:data1\" content=\"3 minutos\" \/>\n<script type=\"application\/ld+json\" class=\"yoast-schema-graph\">{\"@context\":\"https:\/\/schema.org\",\"@graph\":[{\"@type\":\"WebPage\",\"@id\":\"https:\/\/jomasoluciones20.com\/\",\"url\":\"https:\/\/jomasoluciones20.com\/\",\"name\":\"Inicio - jomasoluciones20.com\",\"isPartOf\":{\"@id\":\"https:\/\/jomasoluciones20.com\/#website\"},\"primaryImageOfPage\":{\"@id\":\"https:\/\/jomasoluciones20.com\/#primaryimage\"},\"image\":{\"@id\":\"https:\/\/jomasoluciones20.com\/#primaryimage\"},\"thumbnailUrl\":\"https:\/\/jomasoluciones20.com\/wp-content\/uploads\/2025\/12\/LINEAAMRILLA.png\",\"datePublished\":\"2025-12-14T05:40:46+00:00\",\"dateModified\":\"2025-12-15T05:28:39+00:00\",\"breadcrumb\":{\"@id\":\"https:\/\/jomasoluciones20.com\/#breadcrumb\"},\"inLanguage\":\"es\",\"potentialAction\":[{\"@type\":\"ReadAction\",\"target\":[\"https:\/\/jomasoluciones20.com\/\"]}]},{\"@type\":\"ImageObject\",\"inLanguage\":\"es\",\"@id\":\"https:\/\/jomasoluciones20.com\/#primaryimage\",\"url\":\"https:\/\/jomasoluciones20.com\/wp-content\/uploads\/2025\/12\/LINEAAMRILLA.png\",\"contentUrl\":\"https:\/\/jomasoluciones20.com\/wp-content\/uploads\/2025\/12\/LINEAAMRILLA.png\",\"width\":835,\"height\":22},{\"@type\":\"BreadcrumbList\",\"@id\":\"https:\/\/jomasoluciones20.com\/#breadcrumb\",\"itemListElement\":[{\"@type\":\"ListItem\",\"position\":1,\"name\":\"Portada\",\"item\":\"https:\/\/jomasoluciones20.com\/\"},{\"@type\":\"ListItem\",\"position\":2,\"name\":\"Inicio\"}]},{\"@type\":\"WebSite\",\"@id\":\"https:\/\/jomasoluciones20.com\/#website\",\"url\":\"https:\/\/jomasoluciones20.com\/\",\"name\":\"jomasoluciones20.com\",\"description\":\"\",\"publisher\":{\"@id\":\"https:\/\/jomasoluciones20.com\/#organization\"},\"potentialAction\":[{\"@type\":\"SearchAction\",\"target\":{\"@type\":\"EntryPoint\",\"urlTemplate\":\"https:\/\/jomasoluciones20.com\/?s={search_term_string}\"},\"query-input\":{\"@type\":\"PropertyValueSpecification\",\"valueRequired\":true,\"valueName\":\"search_term_string\"}}],\"inLanguage\":\"es\"},{\"@type\":\"Organization\",\"@id\":\"https:\/\/jomasoluciones20.com\/#organization\",\"name\":\"jomasoluciones20.com\",\"url\":\"https:\/\/jomasoluciones20.com\/\",\"logo\":{\"@type\":\"ImageObject\",\"inLanguage\":\"es\",\"@id\":\"https:\/\/jomasoluciones20.com\/#\/schema\/logo\/image\/\",\"url\":\"https:\/\/jomasoluciones20.com\/wp-content\/uploads\/2025\/12\/logo-1.png\",\"contentUrl\":\"https:\/\/jomasoluciones20.com\/wp-content\/uploads\/2025\/12\/logo-1.png\",\"width\":506,\"height\":223,\"caption\":\"jomasoluciones20.com\"},\"image\":{\"@id\":\"https:\/\/jomasoluciones20.com\/#\/schema\/logo\/image\/\"}}]}<\/script>\n<!-- \/ Yoast SEO plugin. -->","yoast_head_json":{"title":"Inicio - jomasoluciones20.com","robots":{"index":"index","follow":"follow","max-snippet":"max-snippet:-1","max-image-preview":"max-image-preview:large","max-video-preview":"max-video-preview:-1"},"canonical":"https:\/\/jomasoluciones20.com\/","og_locale":"es_ES","og_type":"article","og_title":"Inicio - jomasoluciones20.com","og_description":"NOSOTROS MISION En JOMA Soluciones Industriales brindamos servicios integrales de mantenimiento y construcci\u00f3n industrial con altos est\u00e1ndares de calidad, seguridad [&hellip;]","og_url":"https:\/\/jomasoluciones20.com\/","og_site_name":"jomasoluciones20.com","article_modified_time":"2025-12-15T05:28:39+00:00","og_image":[{"width":835,"height":22,"url":"https:\/\/jomasoluciones20.com\/wp-content\/uploads\/2025\/12\/LINEAAMRILLA.png","type":"image\/png"}],"twitter_card":"summary_large_image","twitter_misc":{"Tiempo de lectura":"3 minutos"},"schema":{"@context":"https:\/\/schema.org","@graph":[{"@type":"WebPage","@id":"https:\/\/jomasoluciones20.com\/","url":"https:\/\/jomasoluciones20.com\/","name":"Inicio - jomasoluciones20.com","isPartOf":{"@id":"https:\/\/jomasoluciones20.com\/#website"},"primaryImageOfPage":{"@id":"https:\/\/jomasoluciones20.com\/#primaryimage"},"image":{"@id":"https:\/\/jomasoluciones20.com\/#primaryimage"},"thumbnailUrl":"https:\/\/jomasoluciones20.com\/wp-content\/uploads\/2025\/12\/LINEAAMRILLA.png","datePublished":"2025-12-14T05:40:46+00:00","dateModified":"2025-12-15T05:28:39+00:00","breadcrumb":{"@id":"https:\/\/jomasoluciones20.com\/#breadcrumb"},"inLanguage":"es","potentialAction":[{"@type":"ReadAction","target":["https:\/\/jomasoluciones20.com\/"]}]},{"@type":"ImageObject","inLanguage":"es","@id":"https:\/\/jomasoluciones20.com\/#primaryimage","url":"https:\/\/jomasoluciones20.com\/wp-content\/uploads\/2025\/12\/LINEAAMRILLA.png","contentUrl":"https:\/\/jomasoluciones20.com\/wp-content\/uploads\/2025\/12\/LINEAAMRILLA.png","width":835,"height":22},{"@type":"BreadcrumbList","@id":"https:\/\/jomasoluciones20.com\/#breadcrumb","itemListElement":[{"@type":"ListItem","position":1,"name":"Portada","item":"https:\/\/jomasoluciones20.com\/"},{"@type":"ListItem","position":2,"name":"Inicio"}]},{"@type":"WebSite","@id":"https:\/\/jomasoluciones20.com\/#website","url":"https:\/\/jomasoluciones20.com\/","name":"jomasoluciones20.com","description":"","publisher":{"@id":"https:\/\/jomasoluciones20.com\/#organization"},"potentialAction":[{"@type":"SearchAction","target":{"@type":"EntryPoint","urlTemplate":"https:\/\/jomasoluciones20.com\/?s={search_term_string}"},"query-input":{"@type":"PropertyValueSpecification","valueRequired":true,"valueName":"search_term_string"}}],"inLanguage":"es"},{"@type":"Organization","@id":"https:\/\/jomasoluciones20.com\/#organization","name":"jomasoluciones20.com","url":"https:\/\/jomasoluciones20.com\/","logo":{"@type":"ImageObject","inLanguage":"es","@id":"https:\/\/jomasoluciones20.com\/#\/schema\/logo\/image\/","url":"https:\/\/jomasoluciones20.com\/wp-content\/uploads\/2025\/12\/logo-1.png","contentUrl":"https:\/\/jomasoluciones20.com\/wp-content\/uploads\/2025\/12\/logo-1.png","width":506,"height":223,"caption":"jomasoluciones20.com"},"image":{"@id":"https:\/\/jomasoluciones20.com\/#\/schema\/logo\/image\/"}}]}},"_links":{"self":[{"href":"https:\/\/jomasoluciones20.com\/index.php\/wp-json\/wp\/v2\/pages\/10","targetHints":{"allow":["GET"]}}],"collection":[{"href":"https:\/\/jomasoluciones20.com\/index.php\/wp-json\/wp\/v2\/pages"}],"about":[{"href":"https:\/\/jomasoluciones20.com\/index.php\/wp-json\/wp\/v2\/types\/page"}],"author":[{"embeddable":true,"href":"https:\/\/jomasoluciones20.com\/index.php\/wp-json\/wp\/v2\/users\/1"}],"replies":[{"embeddable":true,"href":"https:\/\/jomasoluciones20.com\/index.php\/wp-json\/wp\/v2\/comments?post=10"}],"version-history":[{"count":44,"href":"https:\/\/jomasoluciones20.com\/index.php\/wp-json\/wp\/v2\/pages\/10\/revisions"}],"predecessor-version":[{"id":175,"href":"https:\/\/jomasoluciones20.com\/index.php\/wp-json\/wp\/v2\/pages\/10\/revisions\/175"}],"wp:attachment":[{"href":"https:\/\/jomasoluciones20.com\/index.php\/wp-json\/wp\/v2\/media?parent=10"}],"curies":[{"name":"wp","href":"https:\/\/api.w.org\/{rel}","templated":true}]}}